{"id":3286,"date":"2024-02-24T17:27:46","date_gmt":"2024-02-24T16:27:46","guid":{"rendered":"https:\/\/mmamag.ma\/en\/?page_id=3286"},"modified":"2024-02-24T21:01:52","modified_gmt":"2024-02-24T20:01:52","slug":"morocco-african-fight-championship-prod-event","status":"publish","type":"page","link":"https:\/\/mmamag.ma\/en\/morocco-african-fight-championship-prod-event\/","title":{"rendered":"MAFC"},"content":{"rendered":"<h1 style=\"text-align: center;\"><strong>Morocco African Fight Championship Prod-Event<\/strong><\/h1>\n<h1 style=\"text-align: center;\">\u00a0\u0627\u0644\u0634\u0631\u0643\u0629 \u0627\u0644\u0645\u063a\u0631\u0628\u064a\u0629 \u0627\u0644\u0623\u0641\u0631\u064a\u0642\u064a\u0629 \u0644\u062a\u0646\u0638\u064a\u0645 \u0627\u0644\u0628\u0637\u0648\u0644\u0627\u062a \u0627\u0644\u0631\u064a\u0627\u0636\u064a\u0629 \u0627\u0644\u0642\u062a\u0627\u0644\u064a\u0629 \u0644\u00a0 \u0648\u0627\u0644\u0627\u0646\u062a\u0627\u062c \u0627\u0644\u062a\u0644\u0641\u0632\u064a\u0648\u0646\u064a<\/h1>\n<p style=\"text-align: center;\">\n<p><iframe loading=\"lazy\"  id=\"_ytid_72564\"  width=\"696\" height=\"391\"  data-origwidth=\"696\" data-origheight=\"391\" src=\"https:\/\/www.youtube.com\/embed\/J6lmAi3UBKo?enablejsapi=1&#038;list=PLTWNLVDnNWKnND3ES5osM57BG6ga2X3oT&#038;index=2&#038;autoplay=0&#038;cc_load_policy=0&#038;cc_lang_pref=&#038;iv_load_policy=1&#038;loop=0&#038;modestbranding=0&#038;rel=1&#038;fs=1&#038;playsinline=0&#038;autohide=2&#038;theme=dark&#038;color=red&#038;controls=1&#038;\" class=\"__youtube_prefs__  epyt-is-override  no-lazyload\" title=\"YouTube player\"  allow=\"accelerometer; autoplay; clipboard-write; encrypted-media; gyroscope; picture-in-picture\" allowfullscreen data-no-lazy=\"1\" data-skipgform_ajax_framebjll=\"\"><\/iframe><\/p>\n<ul>\n<li>Who will be the best Moroccan Fighter?<br \/>\nThe MAFC is the Numbers 1 combat sports championship in Morocco.Open to all fighters, to find the best Moroccan Fighter!<\/li>\n<li>Are you a fighter? Join the MAFC!<\/li>\n<\/ul>\n<p>Become famous and try to become the future star of combat sports in Morocco by joining the MFC<\/p>\n<p>Whatever your sport of origin: BJJ &#8211; Kickboxing &#8211; MMA &#8211; Sambo &#8211; Judo &#8211; Muay Thai &#8211; Boxing&#8230; Join the Game!<br \/>\n\u200b<\/p>\n<p style=\"text-align: center;\">Become a Partner or Sponsor of the MAFC<br \/>\nTake part in the MFC adventure and benefit from media and digital notoriety by becoming a partner or sponsor<\/p>\n<ul>\n<li>Protected brand!<\/li>\n<li>Morocco African Fight Championship Prod-Event &#8211; MAFC is a trademark registered with OMPIC and protected.<\/li>\n<li>Any fraudulent or unauthorized use of the brand or its logos will be subject to legal action.<img decoding=\"async\" src=\"https:\/\/lh4.googleusercontent.com\/paulwkLjeodDAURaPpvwmcdr9hpKw_MUT6qZz3Cf_PRwP3Tn3v7XxiPbtco6YYaQneDDwtgLxIEjXQfl_CzJ6rI81DhIXnxt3umv7jTIwUhmgqNiW233Mk5d9lT-Hn4gRA=w1280\" \/><\/li>\n<\/ul>\n<p><strong>The phases of the MAFC<\/strong><\/p>\n<ul>\n<li>1st phase: The selection fights!<\/li>\n<li>2nd phase: The championship!<\/li>\n<li>3rd phase: The Elite Gala!<\/li>\n<\/ul>\n<p><strong>Benefits for Fighters<\/strong><\/p>\n<ul>\n<li>1st phase: Fighters participating in the Selection Phase will win gifts and above all notoriety at the national, and potentially international, level.<\/li>\n<li>2nd phase: Fighters who reach the 2nd Phase of the MAFC will be paid for each fight.<\/li>\n<\/ul>\n<p><strong>The stake will be doubled in the event of victory.<\/strong><\/p>\n<p>Access to the 2nd Phase will be achieved through victories in the fights of the 1st Phase or by being spotted for a particular characteristic or style (e.g.: beautiful fighting style for the public, large Instagram community, sales personality, etc.).<\/p>\n<p><strong>Other advantages!<\/strong><\/p>\n<p>Participation in the MAFC will open up numerous opportunities for fighters, such as sponsorship contracts with partner brands, promotion at national and international level, integration into cultural projects etc.<\/p>\n<p><iframe loading=\"lazy\"  id=\"_ytid_48266\"  width=\"696\" height=\"391\"  data-origwidth=\"696\" data-origheight=\"391\" src=\"https:\/\/www.youtube.com\/embed\/k_-iEESayPo?enablejsapi=1&#038;autoplay=0&#038;cc_load_policy=0&#038;cc_lang_pref=&#038;iv_load_policy=1&#038;loop=0&#038;modestbranding=0&#038;rel=1&#038;fs=1&#038;playsinline=0&#038;autohide=2&#038;theme=dark&#038;color=red&#038;controls=1&#038;\" class=\"__youtube_prefs__  epyt-is-override  no-lazyload\" title=\"YouTube player\"  allow=\"accelerometer; autoplay; clipboard-write; encrypted-media; gyroscope; picture-in-picture\" allowfullscreen data-no-lazy=\"1\" data-skipgform_ajax_framebjll=\"\"><\/iframe><\/p>\n<div class=\"oKdM2c ZZyype Kzv0Me\">\n<div id=\"h.7d8b0f72c9b4d7ea_60\" class=\"hJDwNd-AhqUyc-OwsYgb Ft7HRd-AhqUyc-OwsYgb jXK9ad D2fZ2 zu5uec OjCsFc dmUFtb JYTMs\">\n<div class=\"jXK9ad-SmKAyb\">\n<div class=\"tyJCtd mGzaTb Depvyb baZpAe\">\n<div class=\"CjVfdc\" style=\"text-align: center;\"><strong>How to register?<\/strong><br \/>\n<strong>To become a Fighter, contact us directly 00212671545090<\/strong><\/div>\n<\/div>\n<\/div>\n<\/div>\n<\/div>\n<h1 style=\"text-align: center;\"><strong>Morocco African Fight Championship Prod-Event<\/strong><\/h1>\n<p><iframe loading=\"lazy\"  id=\"_ytid_43917\"  width=\"696\" height=\"391\"  data-origwidth=\"696\" data-origheight=\"391\" src=\"https:\/\/www.youtube.com\/embed\/J6lmAi3UBKo?enablejsapi=1&#038;list=PLTWNLVDnNWKnND3ES5osM57BG6ga2X3oT&#038;index=2&#038;autoplay=0&#038;cc_load_policy=0&#038;cc_lang_pref=&#038;iv_load_policy=1&#038;loop=0&#038;modestbranding=0&#038;rel=1&#038;fs=1&#038;playsinline=0&#038;autohide=2&#038;theme=dark&#038;color=red&#038;controls=1&#038;\" class=\"__youtube_prefs__  epyt-is-override  no-lazyload\" title=\"YouTube player\"  allow=\"accelerometer; autoplay; clipboard-write; encrypted-media; gyroscope; picture-in-picture\" allowfullscreen data-no-lazy=\"1\" data-skipgform_ajax_framebjll=\"\"><\/iframe><\/p>\n<p style=\"text-align: justify;\">&#8211; Qui sera le meilleur Moroccan Fighter ?<\/p>\n<div class=\"oKdM2c ZZyype\">\n<div id=\"h.20766652f2126c96_151\" class=\"hJDwNd-AhqUyc-OwsYgb Ft7HRd-AhqUyc-OwsYgb jXK9ad D2fZ2 zu5uec wHaque g5GTcb JYTMs\">\n<div class=\"jXK9ad-SmKAyb\">\n<div class=\"tyJCtd mGzaTb Depvyb baZpAe\">\n<p class=\"CDt4Ke zfr3Q\" dir=\"ltr\" style=\"text-align: justify;\">Le MAFC est le championnat de sports de combat num\u00e9ro 1 au Maroc.<\/p>\n<p class=\"CDt4Ke zfr3Q\" dir=\"ltr\" style=\"text-align: justify;\">Ouvert \u00e0 tous les combattants, pour trouver le meilleur Marocain Fighter !<\/p>\n<p>Tu es combattant? Rejoins le MAFC !<br \/>\nDeviens c\u00e9l\u00e8bre et tente de devenir la future star des sports de combats au Maroc en rejoignant le MFC<\/p>\n<p>Quelque soit ton sport d&#8217;origine: BJJ &#8211; Kickboxing- MMA- Sambo- Judo &#8211; Muay Thai- Boxe&#8230; Rejoins le Game !<\/p>\n<\/div>\n<p style=\"text-align: center;\">Devenir Partenaire ou Sponsor du MAFC<br \/>\nParticipez \u00e0 l&#8217;aventure MFC et profitez de la notori\u00e9t\u00e9 m\u00e9diatique et digitale en Devenant partenaire ou Sponsor<\/p>\n<\/div>\n<ul>\n<li>Marque prot\u00e9g\u00e9e !<\/li>\n<li>Morocco African Fight Championship Prod-Event &#8211; MAFC est une marque d\u00e9pos\u00e9e \u00e0 l&#8217;OMPIC et prot\u00e9g\u00e9e.<\/li>\n<\/ul>\n<p>&nbsp;<\/p>\n<p>Toute utilisation frauduleuse ou non autoris\u00e9e de la marque ou de ses logos sera passible de poursuites judiciaires.<\/p>\n<p><img decoding=\"async\" src=\"https:\/\/lh4.googleusercontent.com\/paulwkLjeodDAURaPpvwmcdr9hpKw_MUT6qZz3Cf_PRwP3Tn3v7XxiPbtco6YYaQneDDwtgLxIEjXQfl_CzJ6rI81DhIXnxt3umv7jTIwUhmgqNiW233Mk5d9lT-Hn4gRA=w1280\" \/><\/p>\n<p><strong>Les phases du MAFC<\/strong><\/p>\n<ul>\n<li>1\u00e8re phase: Les combats de s\u00e9lection !<\/li>\n<li>2\u00e8me phase: Le championnat !<\/li>\n<li>3i\u00e8me phase: Les Gala Elite !<\/li>\n<\/ul>\n<p><strong>B\u00e9n\u00e9fices pour les Fighters<\/strong><\/p>\n<ul>\n<li>1\u00e8re phase : Les Fighters participant \u00e0 la Phase de s\u00e9lection gagneront des cadeaux et surtout la notori\u00e9t\u00e9 au niveau national, et potentiellement international.<\/li>\n<li>2 \u00e8me phase : Les Fighters qui acc\u00e9deront \u00e0 la 2i\u00e8me Phase du MAFC seront r\u00e9mun\u00e9r\u00e9s pour chaque combat.<\/li>\n<\/ul>\n<p><strong>La mise sera doubl\u00e9e en cas de victoire.<\/strong><\/p>\n<p>L\u2019acc\u00e8s \u00e0 la 2i\u00e8me Phase se fera par les victoires aux combats de la 1\u00e8re Phase ou en \u00e9tant rep\u00e9r\u00e9 pour une caract\u00e9ristique ou un style particulier (ex: beau style de combat pour le public, communaut\u00e9 Instagram importante, personnalit\u00e9 vendeuse etc.).<\/p>\n<p><strong>Autres avantages!<\/strong><\/p>\n<p>La participation au MAFC ouvrira aux combattants de nombreuses opportunit\u00e9s, telles que des contrats de sponsoring avec des marques partenaires, la promotion au niveau national et international, l\u2019int\u00e9gration dans des projets culturels etc.<\/p>\n<p><iframe loading=\"lazy\"  id=\"_ytid_14409\"  width=\"696\" height=\"391\"  data-origwidth=\"696\" data-origheight=\"391\" src=\"https:\/\/www.youtube.com\/embed\/k_-iEESayPo?enablejsapi=1&#038;autoplay=0&#038;cc_load_policy=0&#038;cc_lang_pref=&#038;iv_load_policy=1&#038;loop=0&#038;modestbranding=0&#038;rel=1&#038;fs=1&#038;playsinline=0&#038;autohide=2&#038;theme=dark&#038;color=red&#038;controls=1&#038;\" class=\"__youtube_prefs__  epyt-is-override  no-lazyload\" title=\"YouTube player\"  allow=\"accelerometer; autoplay; clipboard-write; encrypted-media; gyroscope; picture-in-picture\" allowfullscreen data-no-lazy=\"1\" data-skipgform_ajax_framebjll=\"\"><\/iframe><\/p>\n<p style=\"text-align: center;\"><strong>Comment s&#8217;inscrire?<\/strong><br \/>\n<strong>Pour devenir Fighter, contactez-nous directement au 00212671545090<\/strong><br \/>\n<strong>\u200b<\/strong><\/p>\n<\/div>\n<\/div>\n","protected":false},"excerpt":{"rendered":"<p>Morocco African Fight Championship Prod-Event \u00a0\u0627\u0644\u0634\u0631\u0643\u0629 \u0627\u0644\u0645\u063a\u0631\u0628\u064a\u0629 \u0627\u0644\u0623\u0641\u0631\u064a\u0642\u064a\u0629 \u0644\u062a\u0646\u0638\u064a\u0645 \u0627\u0644\u0628\u0637\u0648\u0644\u0627\u062a \u0627\u0644\u0631\u064a\u0627\u0636\u064a\u0629 \u0627\u0644\u0642\u062a\u0627\u0644\u064a\u0629 \u0644\u00a0 \u0648\u0627\u0644\u0627\u0646\u062a\u0627\u062c \u0627\u0644\u062a\u0644\u0641\u0632\u064a\u0648\u0646\u064a Who will be the best Moroccan Fighter? The MAFC is the Numbers 1 combat sports championship in Morocco.Open to all fighters, to find the best Moroccan Fighter! Are you a fighter? Join the MAFC! Become famous and try to become [&hellip;]<\/p>\n","protected":false},"author":1,"featured_media":0,"parent":0,"menu_order":0,"comment_status":"closed","ping_status":"closed","template":"","meta":{"footnotes":""},"class_list":["post-3286","page","type-page","status-publish"],"_links":{"self":[{"href":"https:\/\/mmamag.ma\/en\/wp-json\/wp\/v2\/pages\/3286"}],"collection":[{"href":"https:\/\/mmamag.ma\/en\/wp-json\/wp\/v2\/pages"}],"about":[{"href":"https:\/\/mmamag.ma\/en\/wp-json\/wp\/v2\/types\/page"}],"author":[{"embeddable":true,"href":"https:\/\/mmamag.ma\/en\/wp-json\/wp\/v2\/users\/1"}],"replies":[{"embeddable":true,"href":"https:\/\/mmamag.ma\/en\/wp-json\/wp\/v2\/comments?post=3286"}],"version-history":[{"count":7,"href":"https:\/\/mmamag.ma\/en\/wp-json\/wp\/v2\/pages\/3286\/revisions"}],"predecessor-version":[{"id":3315,"href":"https:\/\/mmamag.ma\/en\/wp-json\/wp\/v2\/pages\/3286\/revisions\/3315"}],"wp:attachment":[{"href":"https:\/\/mmamag.ma\/en\/wp-json\/wp\/v2\/media?parent=3286"}],"curies":[{"name":"wp","href":"https:\/\/api.w.org\/{rel}","templated":true}]}}